{"id":1447,"date":"2014-08-01T09:42:36","date_gmt":"2014-08-01T06:42:36","guid":{"rendered":"https:\/\/www.letterhead.fi\/etusivu\/"},"modified":"2026-01-26T11:39:33","modified_gmt":"2026-01-26T09:39:33","slug":"etusivu","status":"publish","type":"page","link":"https:\/\/www.letterhead.fi\/en\/","title":{"rendered":"Etusivu"},"content":{"rendered":"\n\n\tLetterhead creates impactful content, precise translations, and expert localization in Finnish, English, and other Nordic languages. Many of our clients are international companies based in Northern Europe, operating in industries such as medical, optometry, genetics, and finance.\nSome of the brands we have worked with most recently include:\nSpecsavers, Nicorette\u00ae, Darzalex\u00ae, Tremfya\u00ae, Listerine\u00ae, Rogaine\u00ae, Imodium\u00ae, Aveeno\u00ae, Laboklin, and Labogen.\n\n","protected":false},"excerpt":{"rendered":"<p>Letterhead creates impactful content, precise translations, and expert localization in Finnish, English, and other Nordic languages. Many of our clients are international companies based in Northern Europe, operating in industries such as medical, optometry, genetics, and finance. Some of the brands we have worked with most recently include: Specsavers, Nicorette\u00ae, Darzalex\u00ae, Tremfya\u00ae, Listerine\u00ae, Rogaine\u00ae, Imodium\u00ae,<a class=\"excerpt-read-more\" href=\"https:\/\/www.letterhead.fi\/en\/\" title=\"ReadEtusivu\">&#8230; Read more &raquo;<\/a><\/p>\n","protected":false},"author":1,"featured_media":0,"parent":0,"menu_order":0,"comment_status":"closed","ping_status":"closed","template":"template-noheaderfooter.php","meta":{"footnotes":""},"class_list":["post-1447","page","type-page","status-publish","hentry"],"yoast_head":"<!-- This site is optimized with the Yoast SEO plugin v27.4 - https:\/\/yoast.com\/product\/yoast-seo-wordpress\/ -->\n<title>Letterhead<\/title>\n<meta name=\"description\" content=\"Tehokkaasti perille menev\u00e4\u00e4 viestint\u00e4\u00e4 kuulijan korvaan sopivalla tavalla.\" \/>\n<meta name=\"robots\" content=\"index, follow, max-snippet:-1, max-image-preview:large, max-video-preview:-1\" \/>\n<link rel=\"canonical\" href=\"https:\/\/www.letterhead.fi\/en\/\" \/>\n<meta property=\"og:locale\" content=\"en_US\" \/>\n<meta property=\"og:type\" content=\"article\" \/>\n<meta property=\"og:title\" content=\"Letterhead\" \/>\n<meta property=\"og:description\" content=\"Tehokkaasti perille menev\u00e4\u00e4 viestint\u00e4\u00e4 kuulijan korvaan sopivalla tavalla.\" \/>\n<meta property=\"og:url\" content=\"https:\/\/www.letterhead.fi\/en\/\" \/>\n<meta property=\"og:site_name\" content=\"Oivaltavaa teksti\u00e4 ja osaavia k\u00e4\u00e4nn\u00f6ksi\u00e4 | Letterhead\" \/>\n<meta property=\"article:modified_time\" content=\"2026-01-26T09:39:33+00:00\" \/>\n<meta name=\"twitter:label1\" content=\"Est. reading time\" \/>\n\t<meta name=\"twitter:data1\" content=\"1 minute\" \/>\n<script type=\"application\/ld+json\" class=\"yoast-schema-graph\">{\"@context\":\"https:\\\/\\\/schema.org\",\"@graph\":[{\"@type\":\"WebPage\",\"@id\":\"https:\\\/\\\/www.letterhead.fi\\\/en\\\/\",\"url\":\"https:\\\/\\\/www.letterhead.fi\\\/en\\\/\",\"name\":\"Letterhead\",\"isPartOf\":{\"@id\":\"https:\\\/\\\/www.letterhead.fi\\\/#website\"},\"datePublished\":\"2014-08-01T06:42:36+00:00\",\"dateModified\":\"2026-01-26T09:39:33+00:00\",\"description\":\"Tehokkaasti perille menev\u00e4\u00e4 viestint\u00e4\u00e4 kuulijan korvaan sopivalla tavalla.\",\"breadcrumb\":{\"@id\":\"https:\\\/\\\/www.letterhead.fi\\\/en\\\/#breadcrumb\"},\"inLanguage\":\"en-US\",\"potentialAction\":[{\"@type\":\"ReadAction\",\"target\":[\"https:\\\/\\\/www.letterhead.fi\\\/en\\\/\"]}]},{\"@type\":\"BreadcrumbList\",\"@id\":\"https:\\\/\\\/www.letterhead.fi\\\/en\\\/#breadcrumb\",\"itemListElement\":[{\"@type\":\"ListItem\",\"position\":1,\"name\":\"Home\",\"item\":\"https:\\\/\\\/www.letterhead.fi\\\/en\\\/\"},{\"@type\":\"ListItem\",\"position\":2,\"name\":\"Etusivu\"}]},{\"@type\":\"WebSite\",\"@id\":\"https:\\\/\\\/www.letterhead.fi\\\/#website\",\"url\":\"https:\\\/\\\/www.letterhead.fi\\\/\",\"name\":\"Oivaltavaa teksti\u00e4 ja osaavia k\u00e4\u00e4nn\u00f6ksi\u00e4 | Letterhead\",\"description\":\"Tehokkaasti perille menev\u00e4\u00e4 viestint\u00e4\u00e4 monella kielell\u00e4.\",\"potentialAction\":[{\"@type\":\"SearchAction\",\"target\":{\"@type\":\"EntryPoint\",\"urlTemplate\":\"https:\\\/\\\/www.letterhead.fi\\\/?s={search_term_string}\"},\"query-input\":{\"@type\":\"PropertyValueSpecification\",\"valueRequired\":true,\"valueName\":\"search_term_string\"}}],\"inLanguage\":\"en-US\"}]}<\/script>\n<!-- \/ Yoast SEO plugin. -->","yoast_head_json":{"title":"Letterhead","description":"Tehokkaasti perille menev\u00e4\u00e4 viestint\u00e4\u00e4 kuulijan korvaan sopivalla tavalla.","robots":{"index":"index","follow":"follow","max-snippet":"max-snippet:-1","max-image-preview":"max-image-preview:large","max-video-preview":"max-video-preview:-1"},"canonical":"https:\/\/www.letterhead.fi\/en\/","og_locale":"en_US","og_type":"article","og_title":"Letterhead","og_description":"Tehokkaasti perille menev\u00e4\u00e4 viestint\u00e4\u00e4 kuulijan korvaan sopivalla tavalla.","og_url":"https:\/\/www.letterhead.fi\/en\/","og_site_name":"Oivaltavaa teksti\u00e4 ja osaavia k\u00e4\u00e4nn\u00f6ksi\u00e4 | Letterhead","article_modified_time":"2026-01-26T09:39:33+00:00","twitter_misc":{"Est. reading time":"1 minute"},"schema":{"@context":"https:\/\/schema.org","@graph":[{"@type":"WebPage","@id":"https:\/\/www.letterhead.fi\/en\/","url":"https:\/\/www.letterhead.fi\/en\/","name":"Letterhead","isPartOf":{"@id":"https:\/\/www.letterhead.fi\/#website"},"datePublished":"2014-08-01T06:42:36+00:00","dateModified":"2026-01-26T09:39:33+00:00","description":"Tehokkaasti perille menev\u00e4\u00e4 viestint\u00e4\u00e4 kuulijan korvaan sopivalla tavalla.","breadcrumb":{"@id":"https:\/\/www.letterhead.fi\/en\/#breadcrumb"},"inLanguage":"en-US","potentialAction":[{"@type":"ReadAction","target":["https:\/\/www.letterhead.fi\/en\/"]}]},{"@type":"BreadcrumbList","@id":"https:\/\/www.letterhead.fi\/en\/#breadcrumb","itemListElement":[{"@type":"ListItem","position":1,"name":"Home","item":"https:\/\/www.letterhead.fi\/en\/"},{"@type":"ListItem","position":2,"name":"Etusivu"}]},{"@type":"WebSite","@id":"https:\/\/www.letterhead.fi\/#website","url":"https:\/\/www.letterhead.fi\/","name":"Oivaltavaa teksti\u00e4 ja osaavia k\u00e4\u00e4nn\u00f6ksi\u00e4 | Letterhead","description":"Tehokkaasti perille menev\u00e4\u00e4 viestint\u00e4\u00e4 monella kielell\u00e4.","potentialAction":[{"@type":"SearchAction","target":{"@type":"EntryPoint","urlTemplate":"https:\/\/www.letterhead.fi\/?s={search_term_string}"},"query-input":{"@type":"PropertyValueSpecification","valueRequired":true,"valueName":"search_term_string"}}],"inLanguage":"en-US"}]}},"_links":{"self":[{"href":"https:\/\/www.letterhead.fi\/en\/wp-json\/wp\/v2\/pages\/1447","targetHints":{"allow":["GET"]}}],"collection":[{"href":"https:\/\/www.letterhead.fi\/en\/wp-json\/wp\/v2\/pages"}],"about":[{"href":"https:\/\/www.letterhead.fi\/en\/wp-json\/wp\/v2\/types\/page"}],"author":[{"embeddable":true,"href":"https:\/\/www.letterhead.fi\/en\/wp-json\/wp\/v2\/users\/1"}],"replies":[{"embeddable":true,"href":"https:\/\/www.letterhead.fi\/en\/wp-json\/wp\/v2\/comments?post=1447"}],"version-history":[{"count":7,"href":"https:\/\/www.letterhead.fi\/en\/wp-json\/wp\/v2\/pages\/1447\/revisions"}],"predecessor-version":[{"id":1686,"href":"https:\/\/www.letterhead.fi\/en\/wp-json\/wp\/v2\/pages\/1447\/revisions\/1686"}],"wp:attachment":[{"href":"https:\/\/www.letterhead.fi\/en\/wp-json\/wp\/v2\/media?parent=1447"}],"curies":[{"name":"wp","href":"https:\/\/api.w.org\/{rel}","templated":true}]}}