{"id":1451,"date":"2014-08-01T09:42:36","date_gmt":"2014-08-01T06:42:36","guid":{"rendered":"https:\/\/www.letterhead.fi\/etusivu\/"},"modified":"2026-01-05T12:28:28","modified_gmt":"2026-01-05T10:28:28","slug":"etusivu","status":"publish","type":"page","link":"https:\/\/www.letterhead.fi\/sv\/","title":{"rendered":"Etusivu"},"content":{"rendered":"\n\n\tLetterhead skapar inneh\u00e5ll, \u00f6vers\u00e4ttningar och lokaliseringar p\u00e5 finska, engelska och andra nordiska spr\u00e5k. M\u00e5nga av v\u00e5ra kunder \u00e4r internationella f\u00f6retag baserade i Nordeuropa som verkar inom till exempel medicinindustrin, optometri, genetik och finans.\nN\u00e5gra av de varum\u00e4rken vi nyligen har arbetat med:\n<p>Specsavers, Nicorette\u00ae, Darzalex\u00ae, Tremfya\u00ae, Listerine\u00ae, Rogaine\u00ae, Imodium\u00ae, Aveeno\u00ae, Laboklin &amp; Labogen.<\/p>\n\t<h2>Kontakt<\/h2>\n\n","protected":false},"excerpt":{"rendered":"<p>Letterhead skapar inneh\u00e5ll, \u00f6vers\u00e4ttningar och lokaliseringar p\u00e5 finska, engelska och andra nordiska spr\u00e5k. M\u00e5nga av v\u00e5ra kunder \u00e4r internationella f\u00f6retag baserade i Nordeuropa som verkar inom till exempel medicinindustrin, optometri, genetik och finans. N\u00e5gra av de varum\u00e4rken vi nyligen har arbetat med: Specsavers, Nicorette\u00ae, Darzalex\u00ae, Tremfya\u00ae, Listerine\u00ae, Rogaine\u00ae, Imodium\u00ae, Aveeno\u00ae, Laboklin &amp; Labogen. Kontakt<\/p>\n","protected":false},"author":1,"featured_media":0,"parent":0,"menu_order":0,"comment_status":"closed","ping_status":"closed","template":"template-noheaderfooter.php","meta":{"footnotes":""},"class_list":["post-1451","page","type-page","status-publish","hentry"],"yoast_head":"<!-- This site is optimized with the Yoast SEO plugin v27.4 - https:\/\/yoast.com\/product\/yoast-seo-wordpress\/ -->\n<title>Letterhead<\/title>\n<meta name=\"description\" content=\"Tehokkaasti perille menev\u00e4\u00e4 viestint\u00e4\u00e4 kuulijan korvaan sopivalla tavalla.\" \/>\n<meta name=\"robots\" content=\"index, follow, max-snippet:-1, max-image-preview:large, max-video-preview:-1\" \/>\n<link rel=\"canonical\" href=\"https:\/\/www.letterhead.fi\/sv\/\" \/>\n<meta property=\"og:locale\" content=\"sv_SE\" \/>\n<meta property=\"og:type\" content=\"article\" \/>\n<meta property=\"og:title\" content=\"Letterhead\" \/>\n<meta property=\"og:description\" content=\"Tehokkaasti perille menev\u00e4\u00e4 viestint\u00e4\u00e4 kuulijan korvaan sopivalla tavalla.\" \/>\n<meta property=\"og:url\" content=\"https:\/\/www.letterhead.fi\/sv\/\" \/>\n<meta property=\"og:site_name\" content=\"Oivaltavaa teksti\u00e4 ja osaavia k\u00e4\u00e4nn\u00f6ksi\u00e4 | Letterhead\" \/>\n<meta property=\"article:modified_time\" content=\"2026-01-05T10:28:28+00:00\" \/>\n<meta name=\"twitter:label1\" content=\"Ber\u00e4knad l\u00e4stid\" \/>\n\t<meta name=\"twitter:data1\" content=\"8 minuter\" \/>\n<script type=\"application\/ld+json\" class=\"yoast-schema-graph\">{\"@context\":\"https:\\\/\\\/schema.org\",\"@graph\":[{\"@type\":\"WebPage\",\"@id\":\"https:\\\/\\\/www.letterhead.fi\\\/sv\\\/\",\"url\":\"https:\\\/\\\/www.letterhead.fi\\\/sv\\\/\",\"name\":\"Letterhead\",\"isPartOf\":{\"@id\":\"https:\\\/\\\/www.letterhead.fi\\\/#website\"},\"datePublished\":\"2014-08-01T06:42:36+00:00\",\"dateModified\":\"2026-01-05T10:28:28+00:00\",\"description\":\"Tehokkaasti perille menev\u00e4\u00e4 viestint\u00e4\u00e4 kuulijan korvaan sopivalla tavalla.\",\"breadcrumb\":{\"@id\":\"https:\\\/\\\/www.letterhead.fi\\\/sv\\\/#breadcrumb\"},\"inLanguage\":\"sv-SE\",\"potentialAction\":[{\"@type\":\"ReadAction\",\"target\":[\"https:\\\/\\\/www.letterhead.fi\\\/sv\\\/\"]}]},{\"@type\":\"BreadcrumbList\",\"@id\":\"https:\\\/\\\/www.letterhead.fi\\\/sv\\\/#breadcrumb\",\"itemListElement\":[{\"@type\":\"ListItem\",\"position\":1,\"name\":\"Home\",\"item\":\"https:\\\/\\\/www.letterhead.fi\\\/sv\\\/\"},{\"@type\":\"ListItem\",\"position\":2,\"name\":\"Etusivu\"}]},{\"@type\":\"WebSite\",\"@id\":\"https:\\\/\\\/www.letterhead.fi\\\/#website\",\"url\":\"https:\\\/\\\/www.letterhead.fi\\\/\",\"name\":\"Oivaltavaa teksti\u00e4 ja osaavia k\u00e4\u00e4nn\u00f6ksi\u00e4 | Letterhead\",\"description\":\"Kuulijan korvaan sopivaa viestint\u00e4\u00e4.\",\"potentialAction\":[{\"@type\":\"SearchAction\",\"target\":{\"@type\":\"EntryPoint\",\"urlTemplate\":\"https:\\\/\\\/www.letterhead.fi\\\/?s={search_term_string}\"},\"query-input\":{\"@type\":\"PropertyValueSpecification\",\"valueRequired\":true,\"valueName\":\"search_term_string\"}}],\"inLanguage\":\"sv-SE\"}]}<\/script>\n<!-- \/ Yoast SEO plugin. -->","yoast_head_json":{"title":"Letterhead","description":"Tehokkaasti perille menev\u00e4\u00e4 viestint\u00e4\u00e4 kuulijan korvaan sopivalla tavalla.","robots":{"index":"index","follow":"follow","max-snippet":"max-snippet:-1","max-image-preview":"max-image-preview:large","max-video-preview":"max-video-preview:-1"},"canonical":"https:\/\/www.letterhead.fi\/sv\/","og_locale":"sv_SE","og_type":"article","og_title":"Letterhead","og_description":"Tehokkaasti perille menev\u00e4\u00e4 viestint\u00e4\u00e4 kuulijan korvaan sopivalla tavalla.","og_url":"https:\/\/www.letterhead.fi\/sv\/","og_site_name":"Oivaltavaa teksti\u00e4 ja osaavia k\u00e4\u00e4nn\u00f6ksi\u00e4 | Letterhead","article_modified_time":"2026-01-05T10:28:28+00:00","twitter_misc":{"Ber\u00e4knad l\u00e4stid":"8 minuter"},"schema":{"@context":"https:\/\/schema.org","@graph":[{"@type":"WebPage","@id":"https:\/\/www.letterhead.fi\/sv\/","url":"https:\/\/www.letterhead.fi\/sv\/","name":"Letterhead","isPartOf":{"@id":"https:\/\/www.letterhead.fi\/#website"},"datePublished":"2014-08-01T06:42:36+00:00","dateModified":"2026-01-05T10:28:28+00:00","description":"Tehokkaasti perille menev\u00e4\u00e4 viestint\u00e4\u00e4 kuulijan korvaan sopivalla tavalla.","breadcrumb":{"@id":"https:\/\/www.letterhead.fi\/sv\/#breadcrumb"},"inLanguage":"sv-SE","potentialAction":[{"@type":"ReadAction","target":["https:\/\/www.letterhead.fi\/sv\/"]}]},{"@type":"BreadcrumbList","@id":"https:\/\/www.letterhead.fi\/sv\/#breadcrumb","itemListElement":[{"@type":"ListItem","position":1,"name":"Home","item":"https:\/\/www.letterhead.fi\/sv\/"},{"@type":"ListItem","position":2,"name":"Etusivu"}]},{"@type":"WebSite","@id":"https:\/\/www.letterhead.fi\/#website","url":"https:\/\/www.letterhead.fi\/","name":"Oivaltavaa teksti\u00e4 ja osaavia k\u00e4\u00e4nn\u00f6ksi\u00e4 | Letterhead","description":"Kuulijan korvaan sopivaa viestint\u00e4\u00e4.","potentialAction":[{"@type":"SearchAction","target":{"@type":"EntryPoint","urlTemplate":"https:\/\/www.letterhead.fi\/?s={search_term_string}"},"query-input":{"@type":"PropertyValueSpecification","valueRequired":true,"valueName":"search_term_string"}}],"inLanguage":"sv-SE"}]}},"_links":{"self":[{"href":"https:\/\/www.letterhead.fi\/sv\/wp-json\/wp\/v2\/pages\/1451","targetHints":{"allow":["GET"]}}],"collection":[{"href":"https:\/\/www.letterhead.fi\/sv\/wp-json\/wp\/v2\/pages"}],"about":[{"href":"https:\/\/www.letterhead.fi\/sv\/wp-json\/wp\/v2\/types\/page"}],"author":[{"embeddable":true,"href":"https:\/\/www.letterhead.fi\/sv\/wp-json\/wp\/v2\/users\/1"}],"replies":[{"embeddable":true,"href":"https:\/\/www.letterhead.fi\/sv\/wp-json\/wp\/v2\/comments?post=1451"}],"version-history":[{"count":6,"href":"https:\/\/www.letterhead.fi\/sv\/wp-json\/wp\/v2\/pages\/1451\/revisions"}],"predecessor-version":[{"id":1678,"href":"https:\/\/www.letterhead.fi\/sv\/wp-json\/wp\/v2\/pages\/1451\/revisions\/1678"}],"wp:attachment":[{"href":"https:\/\/www.letterhead.fi\/sv\/wp-json\/wp\/v2\/media?parent=1451"}],"curies":[{"name":"wp","href":"https:\/\/api.w.org\/{rel}","templated":true}]}}